{"id":25,"date":"2014-04-15T17:49:57","date_gmt":"2014-04-15T14:49:57","guid":{"rendered":"http:\/\/kurjalanranta.info\/?page_id=25"},"modified":"2024-04-09T14:59:01","modified_gmt":"2024-04-09T11:59:01","slug":"yhteystiedot","status":"publish","type":"page","link":"http:\/\/kurjalanranta.info\/?page_id=25","title":{"rendered":"YHTEYSTIEDOT"},"content":{"rendered":"<p><strong>Kurjalanrannan Kyl\u00e4seura ry johtokunta<\/strong>:<br \/>\nPuheenjohtaja: Jari Markkanen, markkanen695(at)gmail.com, 040-574 0562<br \/>\nSihteeri: Janne R\u00e4s\u00e4nen, jvrasanen(at)gmail.com, 040-745 5469<br \/>\nRahastonhoitaja: Helena Huovinen<\/p>\n<p>Anne Ristola<br \/>\nAsko Laitinen<br \/>\nHelena Kuusisto<br \/>\nIlkka Kosunen<br \/>\nJuha Pelkonen<br \/>\nJuhani Kosunen<br \/>\nMarketta Helle-Kosunen<br \/>\nMinna Hiltunen<\/p>\n<hr \/>\n<p><strong>KURJALAN KOULU<\/strong><br \/>\nKoulun esittely <a href=\"https:\/\/peda.net\/leppavirta\/peruskoulut\/kurjalankoulu\">t\u00e4st\u00e4<\/a>.<\/p>\n<p><strong>Vanhempainryhm\u00e4<br \/>\n<\/strong>Kurjalan koulun vanhempainryhm\u00e4n vet\u00e4j\u00e4n\u00e4 toimii Sanna Nissinen (p. 040-588 2178). Sannaan voi olla yhteydess\u00e4, jos ryhm\u00e4n toiminta kiinnostaa tai haluat vanhempainryhm\u00e4n WhatsApp-ryhm\u00e4\u00e4n mukaan.<\/p>\n<hr \/>\n<p><strong>Kurjalanrannan mets\u00e4stysseura ry:<br \/>\n<\/strong>Puheenjohtaja: Pekka Kosunen<br \/>\nHirviporukan johtaja: Risto Kosunen<\/p>\n<hr \/>\n<p><strong>Suvasveden kalatalousalueen viehelupa <\/strong><a href=\"https:\/\/suvasvedenkalatalousalue.fi\/\">t\u00e4st\u00e4<\/a><strong><br \/>\n<\/strong><\/p>\n<p><strong>Kopolanniemen osakaskunnan lupamyynti\u00a0<\/strong><a href=\"https:\/\/www.kalakortti.com\/luvan_tilaus\/shopdisplayproducts.asp?id=487&amp;cat=Kopolanniemen+Osakaskunnan+pyydysluvat\">t\u00e4st\u00e4<\/a><br \/>\nAlueeseen kuuluu Haalanm\u00e4en osk, Kolarinsaaren osk, Nissil\u00e4n osk, Ropan osk, Viholansaaren osk, ja Kopolanniemen osk.<br \/>\nPyydyksiss\u00e4 oltava omistajan nimi ja puhelinnumero. Tieto oltava verkkojatan uloimmassa p\u00e4\u00e4ss\u00e4 rannasta katsoen. Lis\u00e4tietoa: Terho Kauhanen p. 050 5992690<\/p>\n<hr \/>\n<p><strong>Kyl\u00e4sivujen yll\u00e4pito:<br \/>\n<\/strong><br \/>\njvrasanen(at)gmail.com<\/p>\n","protected":false},"excerpt":{"rendered":"<p>Kurjalanrannan Kyl\u00e4seura ry johtokunta: Puheenjohtaja: Jari Markkanen, markkanen695(at)gmail.com, 040-574 0562 Sihteeri: Janne R\u00e4s\u00e4nen, jvrasanen(at)gmail.com, 040-745 5469 Rahastonhoitaja: Helena Huovinen Anne [&hellip;]<\/p>\n","protected":false},"author":1,"featured_media":0,"parent":0,"menu_order":5,"comment_status":"closed","ping_status":"closed","template":"page-templates\/full-width.php","meta":{"site-sidebar-layout":"default","site-content-layout":"","ast-site-content-layout":"default","site-content-style":"default","site-sidebar-style":"default","ast-global-header-display":"","ast-banner-title-visibility":"","ast-main-header-display":"","ast-hfb-above-header-display":"","ast-hfb-below-header-display":"","ast-hfb-mobile-header-display":"","site-post-title":"","ast-breadcrumbs-content":"","ast-featured-img":"","footer-sml-layout":"","ast-disable-related-posts":"","theme-transparent-header-meta":"","adv-header-id-meta":"","stick-header-meta":"","header-above-stick-meta":"","header-main-stick-meta":"","header-below-stick-meta":"","astra-migrate-meta-layouts":"default","ast-page-background-enabled":"default","ast-page-background-meta":{"desktop":{"background-color":"var(--ast-global-color-5)","background-image":"","background-repeat":"repeat","background-position":"center center","background-size":"auto","background-attachment":"scroll","background-type":"","background-media":"","overlay-type":"","overlay-color":"","overlay-opacity":"","overlay-gradient":""},"tablet":{"background-color":"","background-image":"","background-repeat":"repeat","background-position":"center center","background-size":"auto","background-attachment":"scroll","background-type":"","background-media":"","overlay-type":"","overlay-color":"","overlay-opacity":"","overlay-gradient":""},"mobile":{"background-color":"","background-image":"","background-repeat":"repeat","background-position":"center center","background-size":"auto","background-attachment":"scroll","background-type":"","background-media":"","overlay-type":"","overlay-color":"","overlay-opacity":"","overlay-gradient":""}},"ast-content-background-meta":{"desktop":{"background-color":"var(--ast-global-color-4)","background-image":"","background-repeat":"repeat","background-position":"center center","background-size":"auto","background-attachment":"scroll","background-type":"","background-media":"","overlay-type":"","overlay-color":"","overlay-opacity":"","overlay-gradient":""},"tablet":{"background-color":"var(--ast-global-color-4)","background-image":"","background-repeat":"repeat","background-position":"center center","background-size":"auto","background-attachment":"scroll","background-type":"","background-media":"","overlay-type":"","overlay-color":"","overlay-opacity":"","overlay-gradient":""},"mobile":{"background-color":"var(--ast-global-color-4)","background-image":"","background-repeat":"repeat","background-position":"center center","background-size":"auto","background-attachment":"scroll","background-type":"","background-media":"","overlay-type":"","overlay-color":"","overlay-opacity":"","overlay-gradient":""}},"footnotes":""},"class_list":["post-25","page","type-page","status-publish","hentry"],"_links":{"self":[{"href":"http:\/\/kurjalanranta.info\/index.php?rest_route=\/wp\/v2\/pages\/25","targetHints":{"allow":["GET"]}}],"collection":[{"href":"http:\/\/kurjalanranta.info\/index.php?rest_route=\/wp\/v2\/pages"}],"about":[{"href":"http:\/\/kurjalanranta.info\/index.php?rest_route=\/wp\/v2\/types\/page"}],"author":[{"embeddable":true,"href":"http:\/\/kurjalanranta.info\/index.php?rest_route=\/wp\/v2\/users\/1"}],"replies":[{"embeddable":true,"href":"http:\/\/kurjalanranta.info\/index.php?rest_route=%2Fwp%2Fv2%2Fcomments&post=25"}],"version-history":[{"count":43,"href":"http:\/\/kurjalanranta.info\/index.php?rest_route=\/wp\/v2\/pages\/25\/revisions"}],"predecessor-version":[{"id":943,"href":"http:\/\/kurjalanranta.info\/index.php?rest_route=\/wp\/v2\/pages\/25\/revisions\/943"}],"wp:attachment":[{"href":"http:\/\/kurjalanranta.info\/index.php?rest_route=%2Fwp%2Fv2%2Fmedia&parent=25"}],"curies":[{"name":"wp","href":"https:\/\/api.w.org\/{rel}","templated":true}]}}