{"id":676,"date":"2016-03-13T11:31:19","date_gmt":"2016-03-13T09:31:19","guid":{"rendered":"http:\/\/kurjalanranta.info\/?page_id=676"},"modified":"2020-09-12T12:20:27","modified_gmt":"2020-09-12T09:20:27","slug":"kurjala","status":"publish","type":"page","link":"http:\/\/kurjalanranta.info\/?page_id=676","title":{"rendered":"Kurjala"},"content":{"rendered":"<h1><strong>KURJALANRANTA &#8211; Iloinen paikka yritt\u00e4\u00e4, asua ja vierailla! <a href=\"http:\/\/kurjalanranta.info\/wp-content\/uploads\/2020\/09\/tukemassa_leppavirta_png.png\"><img loading=\"lazy\" decoding=\"async\" class=\"aligncenter size-medium wp-image-894\" src=\"http:\/\/kurjalanranta.info\/wp-content\/uploads\/2020\/09\/tukemassa_leppavirta_png-300x71.png\" alt=\"\" width=\"300\" height=\"71\" srcset=\"http:\/\/kurjalanranta.info\/wp-content\/uploads\/2020\/09\/tukemassa_leppavirta_png-300x71.png 300w, http:\/\/kurjalanranta.info\/wp-content\/uploads\/2020\/09\/tukemassa_leppavirta_png-768x183.png 768w, http:\/\/kurjalanranta.info\/wp-content\/uploads\/2020\/09\/tukemassa_leppavirta_png-624x148.png 624w, http:\/\/kurjalanranta.info\/wp-content\/uploads\/2020\/09\/tukemassa_leppavirta_png.png 850w\" sizes=\"auto, (max-width: 300px) 100vw, 300px\" \/><\/a><br \/>\n<\/strong><\/h1>\n<figure id=\"attachment_682\" aria-describedby=\"caption-attachment-682\" style=\"width: 231px\" class=\"wp-caption alignright\"><img loading=\"lazy\" decoding=\"async\" class=\"wp-image-682 size-medium\" src=\"http:\/\/kurjalanranta.info\/wp-content\/uploads\/2016\/03\/Kyla_kartalla-1-231x300.jpg\" alt=\"Kurjalanranta\" width=\"231\" height=\"300\" srcset=\"http:\/\/kurjalanranta.info\/wp-content\/uploads\/2016\/03\/Kyla_kartalla-1-231x300.jpg 231w, http:\/\/kurjalanranta.info\/wp-content\/uploads\/2016\/03\/Kyla_kartalla-1.jpg 453w\" sizes=\"auto, (max-width: 231px) 100vw, 231px\" \/><figcaption id=\"caption-attachment-682\" class=\"wp-caption-text\">Kurjalanranta Suomen kartalla. Kuva muokattu wikimediasta.<\/figcaption><\/figure>\n<p><strong>Kurjalanranta<\/strong> kantaa nimess\u00e4\u00e4n kitker\u00e4\u00e4 menneisyytt\u00e4 vuosisatojen takaa. T\u00e4m\u00e4n p\u00e4iv\u00e4n kyl\u00e4 on kuitenkin kaikkea muuta. Suvasveden kainalossa kyl\u00e4mme el\u00e4\u00e4 maa- ja mets\u00e4taloudesta, muusta monipuolisesta yritt\u00e4jyydest\u00e4, ulkopaikkakunnilla t\u00f6iss\u00e4 k\u00e4vij\u00f6ist\u00e4, virkeist\u00e4 el\u00e4kel\u00e4isist\u00e4 ja muuten alueella viihtyvist\u00e4.<\/p>\n<p>Kyl\u00e4mme asioita hoitaa <strong>Kurjalanrannan kyl\u00e4seura ry<\/strong>, joka yll\u00e4pit\u00e4\u00e4 keskell\u00e4 kyl\u00e4\u00e4 sijaitsevaa seurantaloa, j\u00e4rjest\u00e4\u00e4 alueella tapahtumia ja edustaa kyl\u00e4\u00e4mme <a href=\"http:\/\/www.leppavirta.fi\/kylat\/leppavirran-kylaneuvosto\">kyl\u00e4neuvostossa<\/a>.<\/p>\n<p><strong>J\u00e4seneksi<\/strong> Kurjalanrannan kyl\u00e4seuraan p\u00e4\u00e4set ottamalla yhteytt\u00e4 <a href=\"http:\/\/kurjalanranta.info\/?page_id=25\">johtokuntaan<\/a>.<\/p>\n<div id='gallery-1' class='gallery galleryid-676 gallery-columns-3 gallery-size-thumbnail'><figure class='gallery-item'>\n\t\t\t<div class='gallery-icon landscape'>\n\t\t\t\t<a href='http:\/\/kurjalanranta.info\/?attachment_id=608'><img loading=\"lazy\" decoding=\"async\" width=\"150\" height=\"150\" src=\"http:\/\/kurjalanranta.info\/wp-content\/uploads\/2015\/11\/PB070007-150x150.jpg\" class=\"attachment-thumbnail size-thumbnail\" alt=\"\" aria-describedby=\"gallery-1-608\" \/><\/a>\n\t\t\t<\/div>\n\t\t\t\t<figcaption class='wp-caption-text gallery-caption' id='gallery-1-608'>\n\t\t\t\tHirvipeijaiset (Kuva Martti Simpanen)\n\t\t\t\t<\/figcaption><\/figure><figure class='gallery-item'>\n\t\t\t<div class='gallery-icon landscape'>\n\t\t\t\t<a href='http:\/\/kurjalanranta.info\/?attachment_id=645'><img loading=\"lazy\" decoding=\"async\" width=\"150\" height=\"150\" src=\"http:\/\/kurjalanranta.info\/wp-content\/uploads\/2014\/04\/IMG_3402-150x150.jpg\" class=\"attachment-thumbnail size-thumbnail\" alt=\"\" aria-describedby=\"gallery-1-645\" \/><\/a>\n\t\t\t<\/div>\n\t\t\t\t<figcaption class='wp-caption-text gallery-caption' id='gallery-1-645'>\n\t\t\t\tKev\u00e4trieha\n\t\t\t\t<\/figcaption><\/figure>\n\t\t<\/div>\n\n<p><strong>Kurjalanrannan <a href=\"http:\/\/www.leppavirta.fi\/palvelut\/koulutoimi\/kurjalan-koulu\">koulu<\/a><\/strong> aloitti toimintansa elokuussa 1885. Koulu on yh\u00e4 merkitt\u00e4v\u00e4 osa kyl\u00e4n toimintaa ja varsinaisen koulutoimen ohella yhteisty\u00f6t\u00e4 tehd\u00e4\u00e4n tiiviisti alueen yhdistysten kanssa. Lis\u00e4ksi kerhotoiminnassa ja <a href=\"https:\/\/opistopalvelut.fi\/sisasavo\/\">kansalaisopiston<\/a> kursseilla hy\u00f6dynnet\u00e4\u00e4n koulun tiloja. Lis\u00e4ksi alueella toimii muita vireit\u00e4 yhdistyksi\u00e4 kuten Kurjalanrannan mets\u00e4stysseura ry.<\/p>\n<p><strong>KYL\u00c4MME L\u00d6YTYY MY\u00d6S FACEBOOKISTA <\/strong><br \/>\n<div id=\"fb-root\"><\/div>\n            <script>(function(d, s, id) {\n              var js, fjs = d.getElementsByTagName(s)[0];\n              if (d.getElementById(id)) return;\n              js = d.createElement(s); js.id = id;\n              js.async=true; \n              js.src = \"\/\/connect.facebook.net\/en_US\/all.js#xfbml=1&appId=OPTIONAL_SEE_FAQ\";\n              fjs.parentNode.insertBefore(js, fjs);\n            }(document, 'script', 'facebook-jssdk'));<\/script> <div class=\"efbl-like-box 1\">\n                  <div class=\"fb-page\" data-animclass=\"fadeIn\" data-href=\"https:\/\/www.facebook.com\/kurjalanranta\" data-hide-cover=false data-width=\"300\"   data-height=\"150\" data-show-facepile=false  data-show-posts=false data-adapt-container-width=true data-hide-cta=false data-small-header=\"false\">\n                  <\/div> \n                  \n               <\/div>\n            <\/p>\n","protected":false},"excerpt":{"rendered":"<p>KURJALANRANTA &#8211; Iloinen paikka yritt\u00e4\u00e4, asua ja vierailla! Kurjalanranta kantaa nimess\u00e4\u00e4n kitker\u00e4\u00e4 menneisyytt\u00e4 vuosisatojen takaa. T\u00e4m\u00e4n p\u00e4iv\u00e4n kyl\u00e4 on kuitenkin [&hellip;]<\/p>\n","protected":false},"author":1,"featured_media":0,"parent":0,"menu_order":0,"comment_status":"closed","ping_status":"closed","template":"page-templates\/full-width.php","meta":{"site-sidebar-layout":"default","site-content-layout":"","ast-site-content-layout":"default","site-content-style":"default","site-sidebar-style":"default","ast-global-header-display":"","ast-banner-title-visibility":"","ast-main-header-display":"","ast-hfb-above-header-display":"","ast-hfb-below-header-display":"","ast-hfb-mobile-header-display":"","site-post-title":"","ast-breadcrumbs-content":"","ast-featured-img":"","footer-sml-layout":"","ast-disable-related-posts":"","theme-transparent-header-meta":"","adv-header-id-meta":"","stick-header-meta":"","header-above-stick-meta":"","header-main-stick-meta":"","header-below-stick-meta":"","astra-migrate-meta-layouts":"default","ast-page-background-enabled":"default","ast-page-background-meta":{"desktop":{"background-color":"var(--ast-global-color-5)","background-image":"","background-repeat":"repeat","background-position":"center center","background-size":"auto","background-attachment":"scroll","background-type":"","background-media":"","overlay-type":"","overlay-color":"","overlay-opacity":"","overlay-gradient":""},"tablet":{"background-color":"","background-image":"","background-repeat":"repeat","background-position":"center center","background-size":"auto","background-attachment":"scroll","background-type":"","background-media":"","overlay-type":"","overlay-color":"","overlay-opacity":"","overlay-gradient":""},"mobile":{"background-color":"","background-image":"","background-repeat":"repeat","background-position":"center center","background-size":"auto","background-attachment":"scroll","background-type":"","background-media":"","overlay-type":"","overlay-color":"","overlay-opacity":"","overlay-gradient":""}},"ast-content-background-meta":{"desktop":{"background-color":"var(--ast-global-color-4)","background-image":"","background-repeat":"repeat","background-position":"center center","background-size":"auto","background-attachment":"scroll","background-type":"","background-media":"","overlay-type":"","overlay-color":"","overlay-opacity":"","overlay-gradient":""},"tablet":{"background-color":"var(--ast-global-color-4)","background-image":"","background-repeat":"repeat","background-position":"center center","background-size":"auto","background-attachment":"scroll","background-type":"","background-media":"","overlay-type":"","overlay-color":"","overlay-opacity":"","overlay-gradient":""},"mobile":{"background-color":"var(--ast-global-color-4)","background-image":"","background-repeat":"repeat","background-position":"center center","background-size":"auto","background-attachment":"scroll","background-type":"","background-media":"","overlay-type":"","overlay-color":"","overlay-opacity":"","overlay-gradient":""}},"footnotes":""},"class_list":["post-676","page","type-page","status-publish","hentry"],"_links":{"self":[{"href":"http:\/\/kurjalanranta.info\/index.php?rest_route=\/wp\/v2\/pages\/676","targetHints":{"allow":["GET"]}}],"collection":[{"href":"http:\/\/kurjalanranta.info\/index.php?rest_route=\/wp\/v2\/pages"}],"about":[{"href":"http:\/\/kurjalanranta.info\/index.php?rest_route=\/wp\/v2\/types\/page"}],"author":[{"embeddable":true,"href":"http:\/\/kurjalanranta.info\/index.php?rest_route=\/wp\/v2\/users\/1"}],"replies":[{"embeddable":true,"href":"http:\/\/kurjalanranta.info\/index.php?rest_route=%2Fwp%2Fv2%2Fcomments&post=676"}],"version-history":[{"count":39,"href":"http:\/\/kurjalanranta.info\/index.php?rest_route=\/wp\/v2\/pages\/676\/revisions"}],"predecessor-version":[{"id":896,"href":"http:\/\/kurjalanranta.info\/index.php?rest_route=\/wp\/v2\/pages\/676\/revisions\/896"}],"wp:attachment":[{"href":"http:\/\/kurjalanranta.info\/index.php?rest_route=%2Fwp%2Fv2%2Fmedia&parent=676"}],"curies":[{"name":"wp","href":"https:\/\/api.w.org\/{rel}","templated":true}]}}